{"id":6191,"date":"2023-01-22T16:08:08","date_gmt":"2023-01-22T15:08:08","guid":{"rendered":"https:\/\/capercaillie.eu\/accommodation\/"},"modified":"2023-11-02T19:32:39","modified_gmt":"2023-11-02T18:32:39","slug":"sponsor","status":"publish","type":"page","link":"https:\/\/capercaillie.eu\/it\/sponsor\/","title":{"rendered":"Sponsor"},"content":{"rendered":"\t\t<div data-elementor-type=\"wp-page\" data-elementor-id=\"6191\" class=\"elementor elementor-6191 elementor-5322\" data-elementor-post-type=\"page\">\n\t\t\t\t\t\t<section class=\"elementor-section elementor-top-section elementor-element elementor-element-aff4f9f elementor-section-stretched elementor-section-boxed elementor-section-height-default elementor-section-height-default\" data-id=\"aff4f9f\" data-element_type=\"section\" data-settings=\"{&quot;stretch_section&quot;:&quot;section-stretched&quot;,&quot;background_background&quot;:&quot;classic&quot;}\">\n\t\t\t\t\t\t<div class=\"elementor-container elementor-column-gap-no\">\n\t\t\t\t\t<div class=\"elementor-column elementor-col-100 elementor-top-column elementor-element elementor-element-f7fb2ed\" data-id=\"f7fb2ed\" data-element_type=\"column\">\n\t\t\t<div class=\"elementor-widget-wrap elementor-element-populated\">\n\t\t\t\t\t\t<div class=\"elementor-element elementor-element-7f69533 elementor-widget elementor-widget-tf-title-section\" data-id=\"7f69533\" data-element_type=\"widget\" data-widget_type=\"tf-title-section.default\">\n\t\t\t\t<div class=\"elementor-widget-container\">\n\t\t\t\t\t<div id=\"tf-title-section-7f69533\" class=\"tf-title-section\" data-tabid=\"7f69533\"> \r\n\t\t\t\t\r\n\t\t\t<div class=\"title-section\">\r\n\t\t\t\t\r\n\t\t\t\t<h2 class=\"heading\">Il lavoro del <span class=\"tf-secondary-color\">Associazione \"Gallo cedrone\".<\/span> \u00e8 reso possibile dai seguenti sponsor:<\/h2>\r\n\t\t\t\t\r\n\t\t\t<\/div>                \r\n            <\/div>\t\t\t\t<\/div>\n\t\t\t\t<\/div>\n\t\t\t\t<div class=\"elementor-element elementor-element-e59c0c2 divider-separator-rounded elementor-widget-divider--view-line elementor-widget elementor-widget-divider\" data-id=\"e59c0c2\" data-element_type=\"widget\" data-widget_type=\"divider.default\">\n\t\t\t\t<div class=\"elementor-widget-container\">\n\t\t\t\t\t\t\t<div class=\"elementor-divider\">\n\t\t\t<span class=\"elementor-divider-separator\">\n\t\t\t\t\t\t<\/span>\n\t\t<\/div>\n\t\t\t\t\t\t<\/div>\n\t\t\t\t<\/div>\n\t\t\t\t\t<\/div>\n\t\t<\/div>\n\t\t\t\t\t<\/div>\n\t\t<\/section>\n\t\t\t\t<section class=\"elementor-section elementor-top-section elementor-element elementor-element-019e4dd elementor-section-boxed elementor-section-height-default elementor-section-height-default\" data-id=\"019e4dd\" data-element_type=\"section\">\n\t\t\t\t\t\t<div class=\"elementor-container elementor-column-gap-default\">\n\t\t\t\t\t<div class=\"elementor-column elementor-col-20 elementor-top-column elementor-element elementor-element-ac83b3d\" data-id=\"ac83b3d\" data-element_type=\"column\">\n\t\t\t<div class=\"elementor-widget-wrap elementor-element-populated\">\n\t\t\t\t\t\t<div class=\"elementor-element elementor-element-f81455a elementor-widget elementor-widget-image\" data-id=\"f81455a\" data-element_type=\"widget\" data-widget_type=\"image.default\">\n\t\t\t\t<div class=\"elementor-widget-container\">\n\t\t\t\t\t\t\t\t\t\t\t\t\t\t\t<img fetchpriority=\"high\" decoding=\"async\" width=\"250\" height=\"250\" src=\"https:\/\/capercaillie.eu\/wp-content\/uploads\/2023\/01\/PGZ-logo.png\" class=\"attachment-large size-large wp-image-6082\" alt=\"\" srcset=\"https:\/\/capercaillie.eu\/wp-content\/uploads\/2023\/01\/PGZ-logo.png 250w, https:\/\/capercaillie.eu\/wp-content\/uploads\/2023\/01\/PGZ-logo-150x150.png 150w\" sizes=\"(max-width: 250px) 100vw, 250px\" \/>\t\t\t\t\t\t\t\t\t\t\t\t\t\t\t<\/div>\n\t\t\t\t<\/div>\n\t\t\t\t\t<\/div>\n\t\t<\/div>\n\t\t\t\t<div class=\"elementor-column elementor-col-20 elementor-top-column elementor-element elementor-element-0640104\" data-id=\"0640104\" data-element_type=\"column\">\n\t\t\t<div class=\"elementor-widget-wrap elementor-element-populated\">\n\t\t\t\t\t\t<div class=\"elementor-element elementor-element-f19c7c9 elementor-widget elementor-widget-image\" data-id=\"f19c7c9\" data-element_type=\"widget\" data-widget_type=\"image.default\">\n\t\t\t\t<div class=\"elementor-widget-container\">\n\t\t\t\t\t\t\t\t\t\t\t\t\t\t\t<img decoding=\"async\" width=\"250\" height=\"250\" src=\"https:\/\/capercaillie.eu\/wp-content\/uploads\/2023\/01\/HLS-Logo.png\" class=\"attachment-large size-large wp-image-6094\" alt=\"\" srcset=\"https:\/\/capercaillie.eu\/wp-content\/uploads\/2023\/01\/HLS-Logo.png 250w, https:\/\/capercaillie.eu\/wp-content\/uploads\/2023\/01\/HLS-Logo-150x150.png 150w\" sizes=\"(max-width: 250px) 100vw, 250px\" \/>\t\t\t\t\t\t\t\t\t\t\t\t\t\t\t<\/div>\n\t\t\t\t<\/div>\n\t\t\t\t\t<\/div>\n\t\t<\/div>\n\t\t\t\t<div class=\"elementor-column elementor-col-20 elementor-top-column elementor-element elementor-element-45257c7\" data-id=\"45257c7\" data-element_type=\"column\">\n\t\t\t<div class=\"elementor-widget-wrap elementor-element-populated\">\n\t\t\t\t\t\t<div class=\"elementor-element elementor-element-50ed80f elementor-widget elementor-widget-image\" data-id=\"50ed80f\" data-element_type=\"widget\" data-widget_type=\"image.default\">\n\t\t\t\t<div class=\"elementor-widget-container\">\n\t\t\t\t\t\t\t\t\t\t\t\t\t\t\t<img decoding=\"async\" width=\"250\" height=\"250\" src=\"https:\/\/capercaillie.eu\/wp-content\/uploads\/2023\/01\/LS-PGZ-logo.png\" class=\"attachment-large size-large wp-image-6086\" alt=\"\" srcset=\"https:\/\/capercaillie.eu\/wp-content\/uploads\/2023\/01\/LS-PGZ-logo.png 250w, https:\/\/capercaillie.eu\/wp-content\/uploads\/2023\/01\/LS-PGZ-logo-150x150.png 150w\" sizes=\"(max-width: 250px) 100vw, 250px\" \/>\t\t\t\t\t\t\t\t\t\t\t\t\t\t\t<\/div>\n\t\t\t\t<\/div>\n\t\t\t\t\t<\/div>\n\t\t<\/div>\n\t\t\t\t<div class=\"elementor-column elementor-col-20 elementor-top-column elementor-element elementor-element-c353f6c\" data-id=\"c353f6c\" data-element_type=\"column\">\n\t\t\t<div class=\"elementor-widget-wrap elementor-element-populated\">\n\t\t\t\t\t\t<div class=\"elementor-element elementor-element-f40bb84 elementor-widget elementor-widget-image\" data-id=\"f40bb84\" data-element_type=\"widget\" data-widget_type=\"image.default\">\n\t\t\t\t<div class=\"elementor-widget-container\">\n\t\t\t\t\t\t\t\t\t\t\t\t\t\t\t<img loading=\"lazy\" decoding=\"async\" width=\"250\" height=\"250\" src=\"https:\/\/capercaillie.eu\/wp-content\/uploads\/2023\/01\/Hrvatske-sume-logo.png\" class=\"attachment-large size-large wp-image-6074\" alt=\"\" srcset=\"https:\/\/capercaillie.eu\/wp-content\/uploads\/2023\/01\/Hrvatske-sume-logo.png 250w, https:\/\/capercaillie.eu\/wp-content\/uploads\/2023\/01\/Hrvatske-sume-logo-150x150.png 150w\" sizes=\"(max-width: 250px) 100vw, 250px\" \/>\t\t\t\t\t\t\t\t\t\t\t\t\t\t\t<\/div>\n\t\t\t\t<\/div>\n\t\t\t\t\t<\/div>\n\t\t<\/div>\n\t\t\t\t<div class=\"elementor-column elementor-col-20 elementor-top-column elementor-element elementor-element-58d9030\" data-id=\"58d9030\" data-element_type=\"column\">\n\t\t\t<div class=\"elementor-widget-wrap elementor-element-populated\">\n\t\t\t\t\t\t<div class=\"elementor-element elementor-element-e3cd26a elementor-widget elementor-widget-image\" data-id=\"e3cd26a\" data-element_type=\"widget\" data-widget_type=\"image.default\">\n\t\t\t\t<div class=\"elementor-widget-container\">\n\t\t\t\t\t\t\t\t\t\t\t\t\t\t\t<img loading=\"lazy\" decoding=\"async\" width=\"250\" height=\"250\" src=\"https:\/\/capercaillie.eu\/wp-content\/uploads\/2023\/01\/Hep-Logo.png\" class=\"attachment-large size-large wp-image-6098\" alt=\"\" srcset=\"https:\/\/capercaillie.eu\/wp-content\/uploads\/2023\/01\/Hep-Logo.png 250w, https:\/\/capercaillie.eu\/wp-content\/uploads\/2023\/01\/Hep-Logo-150x150.png 150w\" sizes=\"(max-width: 250px) 100vw, 250px\" \/>\t\t\t\t\t\t\t\t\t\t\t\t\t\t\t<\/div>\n\t\t\t\t<\/div>\n\t\t\t\t\t<\/div>\n\t\t<\/div>\n\t\t\t\t\t<\/div>\n\t\t<\/section>\n\t\t\t\t<section class=\"elementor-section elementor-top-section elementor-element elementor-element-363d029 elementor-section-boxed elementor-section-height-default elementor-section-height-default\" data-id=\"363d029\" data-element_type=\"section\">\n\t\t\t\t\t\t<div class=\"elementor-container elementor-column-gap-default\">\n\t\t\t\t\t<div class=\"elementor-column elementor-col-20 elementor-top-column elementor-element elementor-element-8d20633\" data-id=\"8d20633\" data-element_type=\"column\">\n\t\t\t<div class=\"elementor-widget-wrap elementor-element-populated\">\n\t\t\t\t\t\t<div class=\"elementor-element elementor-element-dd78536 elementor-widget elementor-widget-image\" data-id=\"dd78536\" data-element_type=\"widget\" data-widget_type=\"image.default\">\n\t\t\t\t<div class=\"elementor-widget-container\">\n\t\t\t\t\t\t\t\t\t\t\t\t\t\t\t<img loading=\"lazy\" decoding=\"async\" width=\"250\" height=\"250\" src=\"https:\/\/capercaillie.eu\/wp-content\/uploads\/2023\/01\/Janaf-Logo.png\" class=\"attachment-large size-large wp-image-6066\" alt=\"\" srcset=\"https:\/\/capercaillie.eu\/wp-content\/uploads\/2023\/01\/Janaf-Logo.png 250w, https:\/\/capercaillie.eu\/wp-content\/uploads\/2023\/01\/Janaf-Logo-150x150.png 150w\" sizes=\"(max-width: 250px) 100vw, 250px\" \/>\t\t\t\t\t\t\t\t\t\t\t\t\t\t\t<\/div>\n\t\t\t\t<\/div>\n\t\t\t\t\t<\/div>\n\t\t<\/div>\n\t\t\t\t<div class=\"elementor-column elementor-col-20 elementor-top-column elementor-element elementor-element-ede0a6a\" data-id=\"ede0a6a\" data-element_type=\"column\">\n\t\t\t<div class=\"elementor-widget-wrap elementor-element-populated\">\n\t\t\t\t\t\t<div class=\"elementor-element elementor-element-434fdb1 elementor-widget elementor-widget-image\" data-id=\"434fdb1\" data-element_type=\"widget\" data-widget_type=\"image.default\">\n\t\t\t\t<div class=\"elementor-widget-container\">\n\t\t\t\t\t\t\t\t\t\t\t\t\t\t\t<img loading=\"lazy\" decoding=\"async\" width=\"250\" height=\"250\" src=\"https:\/\/capercaillie.eu\/wp-content\/uploads\/2023\/01\/Adris-Logo.png\" class=\"attachment-large size-large wp-image-6070\" alt=\"\" srcset=\"https:\/\/capercaillie.eu\/wp-content\/uploads\/2023\/01\/Adris-Logo.png 250w, https:\/\/capercaillie.eu\/wp-content\/uploads\/2023\/01\/Adris-Logo-150x150.png 150w\" sizes=\"(max-width: 250px) 100vw, 250px\" \/>\t\t\t\t\t\t\t\t\t\t\t\t\t\t\t<\/div>\n\t\t\t\t<\/div>\n\t\t\t\t\t<\/div>\n\t\t<\/div>\n\t\t\t\t<div class=\"elementor-column elementor-col-20 elementor-top-column elementor-element elementor-element-9d1e19f\" data-id=\"9d1e19f\" data-element_type=\"column\">\n\t\t\t<div class=\"elementor-widget-wrap elementor-element-populated\">\n\t\t\t\t\t\t<div class=\"elementor-element elementor-element-c974f63 elementor-widget elementor-widget-image\" data-id=\"c974f63\" data-element_type=\"widget\" data-widget_type=\"image.default\">\n\t\t\t\t<div class=\"elementor-widget-container\">\n\t\t\t\t\t\t\t\t\t\t\t\t\t\t\t<img loading=\"lazy\" decoding=\"async\" width=\"250\" height=\"250\" src=\"https:\/\/capercaillie.eu\/wp-content\/uploads\/2023\/01\/dm-logo-1.png\" class=\"attachment-large size-large wp-image-6106\" alt=\"\" srcset=\"https:\/\/capercaillie.eu\/wp-content\/uploads\/2023\/01\/dm-logo-1.png 250w, https:\/\/capercaillie.eu\/wp-content\/uploads\/2023\/01\/dm-logo-1-150x150.png 150w\" sizes=\"(max-width: 250px) 100vw, 250px\" \/>\t\t\t\t\t\t\t\t\t\t\t\t\t\t\t<\/div>\n\t\t\t\t<\/div>\n\t\t\t\t\t<\/div>\n\t\t<\/div>\n\t\t\t\t<div class=\"elementor-column elementor-col-20 elementor-top-column elementor-element elementor-element-ef61713\" data-id=\"ef61713\" data-element_type=\"column\">\n\t\t\t<div class=\"elementor-widget-wrap elementor-element-populated\">\n\t\t\t\t\t\t<div class=\"elementor-element elementor-element-1da1114 elementor-widget elementor-widget-image\" data-id=\"1da1114\" data-element_type=\"widget\" data-widget_type=\"image.default\">\n\t\t\t\t<div class=\"elementor-widget-container\">\n\t\t\t\t\t\t\t\t\t\t\t\t\t\t\t<img loading=\"lazy\" decoding=\"async\" width=\"250\" height=\"250\" src=\"https:\/\/capercaillie.eu\/wp-content\/uploads\/2023\/01\/Cabar-logo.png\" class=\"attachment-large size-large wp-image-6078\" alt=\"\" srcset=\"https:\/\/capercaillie.eu\/wp-content\/uploads\/2023\/01\/Cabar-logo.png 250w, https:\/\/capercaillie.eu\/wp-content\/uploads\/2023\/01\/Cabar-logo-150x150.png 150w\" sizes=\"(max-width: 250px) 100vw, 250px\" \/>\t\t\t\t\t\t\t\t\t\t\t\t\t\t\t<\/div>\n\t\t\t\t<\/div>\n\t\t\t\t\t<\/div>\n\t\t<\/div>\n\t\t\t\t<div class=\"elementor-column elementor-col-20 elementor-top-column elementor-element elementor-element-9dad55d\" data-id=\"9dad55d\" data-element_type=\"column\">\n\t\t\t<div class=\"elementor-widget-wrap\">\n\t\t\t\t\t\t\t<\/div>\n\t\t<\/div>\n\t\t\t\t\t<\/div>\n\t\t<\/section>\n\t\t\t\t<section class=\"elementor-section elementor-top-section elementor-element elementor-element-887e427 elementor-section-stretched elementor-section-boxed elementor-section-height-default elementor-section-height-default\" data-id=\"887e427\" data-element_type=\"section\" data-settings=\"{&quot;stretch_section&quot;:&quot;section-stretched&quot;,&quot;background_background&quot;:&quot;classic&quot;}\">\n\t\t\t\t\t\t<div class=\"elementor-container elementor-column-gap-default\">\n\t\t\t\t\t<div class=\"elementor-column elementor-col-100 elementor-top-column elementor-element elementor-element-89a66d2\" data-id=\"89a66d2\" data-element_type=\"column\">\n\t\t\t<div class=\"elementor-widget-wrap elementor-element-populated\">\n\t\t\t\t\t\t<div class=\"elementor-element elementor-element-a9384f5 elementor-widget elementor-widget-tf-title-section\" data-id=\"a9384f5\" data-element_type=\"widget\" data-widget_type=\"tf-title-section.default\">\n\t\t\t\t<div class=\"elementor-widget-container\">\n\t\t\t\t\t<div id=\"tf-title-section-a9384f5\" class=\"tf-title-section\" data-tabid=\"a9384f5\"> \r\n\t\t\t\t\r\n\t\t\t<div class=\"title-section\">\r\n\t\t\t\t<div class=\"before-heading\">DONAZIONI<\/div>\r\n\t\t\t\t<h2 class=\"heading\">Contea Primorsko-goranska (PG\u017d) assegnata al fondatore <span class=\"tf-secondary-color\"> PhD Ivica Kri\u017e<\/span><\/h2>\r\n\t\t\t\t<div class=\"sub-title\"><p>L'associazione per la protezione degli animali del gallo cedrone si occupa principalmente della rivitalizzazione del gallo cedrone (Tetrao urogallus). Il nostro obiettivo \u00e8 riabitare questi uccelli di montagna dell'era glaciale, rigorosamente protetti, nel Gorski Kotar (Croazia). Collaboriamo con la Facolt\u00e0 di Veterinaria e Forestale dell'Universit\u00e0 di Zagabria, nonch\u00e9 con il Ministero dell'Ambiente e dell'Energia (MZOIE), dove in collaborazione con le Foreste croate (H\u0160) prepariamo habitat adatti per il reinsediamento e il monitoraggio del gallo cedrone. Attualmente stiamo sviluppando un piano di gestione per il gallo cedrone in collaborazione con il Ministero dell'Ambiente e dell'Energia (MoESIE). Pertanto, ogni donazione \u00e8 benvenuta.<\/p><p><br \/>Grazie mille per tutto l'aiuto di cui abbiamo bisogno per prenderci cura del gallo cedrone. Tutti i donatori saranno iscritti al Libro dei Padrini 2015. Ogni anno 15.01. in occasione dell'Assemblea straordinaria dell'Associazione per la protezione degli animali del gallo cedrone, la persona fisica o giuridica che nell'anno precedente ha versato la donazione pi\u00f9 cospicua riceve in omaggio una fotografia naturalistica sul gallo cedrone. Il vincitore verr\u00e0 ufficialmente contattato, quindi si prega di inserire il proprio indirizzo e-mail nella descrizione della donazione in modo da potervi comunicare il premio vinto. Aiutiamo la natura e lei ricambier\u00e0! Grazie!<\/p><p>\u00a0<\/p><p><strong>Informazioni sulla donazione:<\/strong><\/p><p>Associazione per la protezione degli animali di Tetrijeb<br \/>Goranska 148, 51307 Prezid, CROAZIA<br \/>IBAN: HR2924080021100040916<br \/>SWIFT (BIC): PAZGHR2X<br \/>Banca Partner d.d. | Numero telefonico: 00 29-10-1974<br \/>Descrizione: Donazione all'Associazione Tetrijeb<\/p><\/div>\r\n\t\t\t<\/div>                \r\n            <\/div>\t\t\t\t<\/div>\n\t\t\t\t<\/div>\n\t\t\t\t<div class=\"elementor-element elementor-element-7948feb divider-separator-rounded elementor-widget-divider--view-line elementor-widget elementor-widget-divider\" data-id=\"7948feb\" data-element_type=\"widget\" data-widget_type=\"divider.default\">\n\t\t\t\t<div class=\"elementor-widget-container\">\n\t\t\t\t\t\t\t<div class=\"elementor-divider\">\n\t\t\t<span class=\"elementor-divider-separator\">\n\t\t\t\t\t\t<\/span>\n\t\t<\/div>\n\t\t\t\t\t\t<\/div>\n\t\t\t\t<\/div>\n\t\t\t\t<div class=\"elementor-element elementor-element-63c69b6 elementor-absolute img-side-right elementor-hidden-tablet elementor-hidden-mobile elementor-widget elementor-widget-image\" data-id=\"63c69b6\" data-element_type=\"widget\" data-settings=\"{&quot;_position&quot;:&quot;absolute&quot;}\" data-widget_type=\"image.default\">\n\t\t\t\t<div class=\"elementor-widget-container\">\n\t\t\t\t\t\t\t\t\t\t\t\t\t\t\t<img loading=\"lazy\" decoding=\"async\" width=\"258\" height=\"300\" src=\"https:\/\/capercaillie.eu\/wp-content\/uploads\/2023\/01\/tetrijeb-donacije.jpg\" class=\"attachment-medium size-medium wp-image-5250\" alt=\"\" \/>\t\t\t\t\t\t\t\t\t\t\t\t\t\t\t<\/div>\n\t\t\t\t<\/div>\n\t\t\t\t\t<\/div>\n\t\t<\/div>\n\t\t\t\t\t<\/div>\n\t\t<\/section>\n\t\t\t\t<\/div>\n\t\t","protected":false},"excerpt":{"rendered":"<p>Il lavoro del Associazione &#8220;Gallo cedrone&#8221;. \u00e8 reso possibile dai seguenti sponsor: DONAZIONI Contea Primorsko-goranska (PG\u017d) assegnata al fondatore PhD Ivica Kri\u017e L&#8217;associazione per la protezione degli [&hellip;]<\/p>\n","protected":false},"author":2,"featured_media":5310,"parent":0,"menu_order":0,"comment_status":"closed","ping_status":"closed","template":"","meta":{"footnotes":""},"yst_prominent_words":[],"class_list":["post-6191","page","type-page","status-publish","has-post-thumbnail","hentry"],"_links":{"self":[{"href":"https:\/\/capercaillie.eu\/it\/wp-json\/wp\/v2\/pages\/6191","targetHints":{"allow":["GET"]}}],"collection":[{"href":"https:\/\/capercaillie.eu\/it\/wp-json\/wp\/v2\/pages"}],"about":[{"href":"https:\/\/capercaillie.eu\/it\/wp-json\/wp\/v2\/types\/page"}],"author":[{"embeddable":true,"href":"https:\/\/capercaillie.eu\/it\/wp-json\/wp\/v2\/users\/2"}],"replies":[{"embeddable":true,"href":"https:\/\/capercaillie.eu\/it\/wp-json\/wp\/v2\/comments?post=6191"}],"version-history":[{"count":25,"href":"https:\/\/capercaillie.eu\/it\/wp-json\/wp\/v2\/pages\/6191\/revisions"}],"predecessor-version":[{"id":7592,"href":"https:\/\/capercaillie.eu\/it\/wp-json\/wp\/v2\/pages\/6191\/revisions\/7592"}],"wp:featuredmedia":[{"embeddable":true,"href":"https:\/\/capercaillie.eu\/it\/wp-json\/wp\/v2\/media\/5310"}],"wp:attachment":[{"href":"https:\/\/capercaillie.eu\/it\/wp-json\/wp\/v2\/media?parent=6191"}],"wp:term":[{"taxonomy":"yst_prominent_words","embeddable":true,"href":"https:\/\/capercaillie.eu\/it\/wp-json\/wp\/v2\/yst_prominent_words?post=6191"}],"curies":[{"name":"wp","href":"https:\/\/api.w.org\/{rel}","templated":true}]}}