{"id":6189,"date":"2023-01-22T16:08:08","date_gmt":"2023-01-22T15:08:08","guid":{"rendered":"https:\/\/capercaillie.eu\/accommodation\/"},"modified":"2023-11-02T19:29:17","modified_gmt":"2023-11-02T18:29:17","slug":"sponzori","status":"publish","type":"page","link":"https:\/\/capercaillie.eu\/hr\/sponzori\/","title":{"rendered":"Sponzori"},"content":{"rendered":"\t\t<div data-elementor-type=\"wp-page\" data-elementor-id=\"6189\" class=\"elementor elementor-6189 elementor-5322\" data-elementor-post-type=\"page\">\n\t\t\t\t\t\t<section class=\"elementor-section elementor-top-section elementor-element elementor-element-aff4f9f elementor-section-stretched elementor-section-boxed elementor-section-height-default elementor-section-height-default\" data-id=\"aff4f9f\" data-element_type=\"section\" data-settings=\"{&quot;stretch_section&quot;:&quot;section-stretched&quot;,&quot;background_background&quot;:&quot;classic&quot;}\">\n\t\t\t\t\t\t<div class=\"elementor-container elementor-column-gap-no\">\n\t\t\t\t\t<div class=\"elementor-column elementor-col-100 elementor-top-column elementor-element elementor-element-f7fb2ed\" data-id=\"f7fb2ed\" data-element_type=\"column\">\n\t\t\t<div class=\"elementor-widget-wrap elementor-element-populated\">\n\t\t\t\t\t\t<div class=\"elementor-element elementor-element-7f69533 elementor-widget elementor-widget-tf-title-section\" data-id=\"7f69533\" data-element_type=\"widget\" data-widget_type=\"tf-title-section.default\">\n\t\t\t\t<div class=\"elementor-widget-container\">\n\t\t\t\t\t<div id=\"tf-title-section-7f69533\" class=\"tf-title-section\" data-tabid=\"7f69533\"> \r\n\t\t\t\t\r\n\t\t\t<div class=\"title-section\">\r\n\t\t\t\t\r\n\t\t\t\t<h2 class=\"heading\">Rad <span class=\"tf-secondary-color\">Udruge \u201eTetrijeb\u201c<\/span> omogu\u0107uju sljede\u0107i sponzori:<\/h2>\r\n\t\t\t\t\r\n\t\t\t<\/div>                \r\n            <\/div>\t\t\t\t<\/div>\n\t\t\t\t<\/div>\n\t\t\t\t<div class=\"elementor-element elementor-element-e59c0c2 divider-separator-rounded elementor-widget-divider--view-line elementor-widget elementor-widget-divider\" data-id=\"e59c0c2\" data-element_type=\"widget\" data-widget_type=\"divider.default\">\n\t\t\t\t<div class=\"elementor-widget-container\">\n\t\t\t\t\t\t\t<div class=\"elementor-divider\">\n\t\t\t<span class=\"elementor-divider-separator\">\n\t\t\t\t\t\t<\/span>\n\t\t<\/div>\n\t\t\t\t\t\t<\/div>\n\t\t\t\t<\/div>\n\t\t\t\t\t<\/div>\n\t\t<\/div>\n\t\t\t\t\t<\/div>\n\t\t<\/section>\n\t\t\t\t<section class=\"elementor-section elementor-top-section elementor-element elementor-element-019e4dd elementor-section-boxed elementor-section-height-default elementor-section-height-default\" data-id=\"019e4dd\" data-element_type=\"section\">\n\t\t\t\t\t\t<div class=\"elementor-container elementor-column-gap-default\">\n\t\t\t\t\t<div class=\"elementor-column elementor-col-20 elementor-top-column elementor-element elementor-element-ac83b3d\" data-id=\"ac83b3d\" data-element_type=\"column\">\n\t\t\t<div class=\"elementor-widget-wrap elementor-element-populated\">\n\t\t\t\t\t\t<div class=\"elementor-element elementor-element-f81455a elementor-widget elementor-widget-image\" data-id=\"f81455a\" data-element_type=\"widget\" data-widget_type=\"image.default\">\n\t\t\t\t<div class=\"elementor-widget-container\">\n\t\t\t\t\t\t\t\t\t\t\t\t\t\t\t<img fetchpriority=\"high\" decoding=\"async\" width=\"250\" height=\"250\" src=\"https:\/\/capercaillie.eu\/wp-content\/uploads\/2023\/01\/PGZ-logo.png\" class=\"attachment-large size-large wp-image-6082\" alt=\"\" srcset=\"https:\/\/capercaillie.eu\/wp-content\/uploads\/2023\/01\/PGZ-logo.png 250w, https:\/\/capercaillie.eu\/wp-content\/uploads\/2023\/01\/PGZ-logo-150x150.png 150w\" sizes=\"(max-width: 250px) 100vw, 250px\" \/>\t\t\t\t\t\t\t\t\t\t\t\t\t\t\t<\/div>\n\t\t\t\t<\/div>\n\t\t\t\t\t<\/div>\n\t\t<\/div>\n\t\t\t\t<div class=\"elementor-column elementor-col-20 elementor-top-column elementor-element elementor-element-0640104\" data-id=\"0640104\" data-element_type=\"column\">\n\t\t\t<div class=\"elementor-widget-wrap elementor-element-populated\">\n\t\t\t\t\t\t<div class=\"elementor-element elementor-element-f19c7c9 elementor-widget elementor-widget-image\" data-id=\"f19c7c9\" data-element_type=\"widget\" data-widget_type=\"image.default\">\n\t\t\t\t<div class=\"elementor-widget-container\">\n\t\t\t\t\t\t\t\t\t\t\t\t\t\t\t<img decoding=\"async\" width=\"250\" height=\"250\" src=\"https:\/\/capercaillie.eu\/wp-content\/uploads\/2023\/01\/HLS-Logo.png\" class=\"attachment-large size-large wp-image-6094\" alt=\"\" srcset=\"https:\/\/capercaillie.eu\/wp-content\/uploads\/2023\/01\/HLS-Logo.png 250w, https:\/\/capercaillie.eu\/wp-content\/uploads\/2023\/01\/HLS-Logo-150x150.png 150w\" sizes=\"(max-width: 250px) 100vw, 250px\" \/>\t\t\t\t\t\t\t\t\t\t\t\t\t\t\t<\/div>\n\t\t\t\t<\/div>\n\t\t\t\t\t<\/div>\n\t\t<\/div>\n\t\t\t\t<div class=\"elementor-column elementor-col-20 elementor-top-column elementor-element elementor-element-45257c7\" data-id=\"45257c7\" data-element_type=\"column\">\n\t\t\t<div class=\"elementor-widget-wrap elementor-element-populated\">\n\t\t\t\t\t\t<div class=\"elementor-element elementor-element-50ed80f elementor-widget elementor-widget-image\" data-id=\"50ed80f\" data-element_type=\"widget\" data-widget_type=\"image.default\">\n\t\t\t\t<div class=\"elementor-widget-container\">\n\t\t\t\t\t\t\t\t\t\t\t\t\t\t\t<img decoding=\"async\" width=\"250\" height=\"250\" src=\"https:\/\/capercaillie.eu\/wp-content\/uploads\/2023\/01\/LS-PGZ-logo.png\" class=\"attachment-large size-large wp-image-6086\" alt=\"\" srcset=\"https:\/\/capercaillie.eu\/wp-content\/uploads\/2023\/01\/LS-PGZ-logo.png 250w, https:\/\/capercaillie.eu\/wp-content\/uploads\/2023\/01\/LS-PGZ-logo-150x150.png 150w\" sizes=\"(max-width: 250px) 100vw, 250px\" \/>\t\t\t\t\t\t\t\t\t\t\t\t\t\t\t<\/div>\n\t\t\t\t<\/div>\n\t\t\t\t\t<\/div>\n\t\t<\/div>\n\t\t\t\t<div class=\"elementor-column elementor-col-20 elementor-top-column elementor-element elementor-element-c353f6c\" data-id=\"c353f6c\" data-element_type=\"column\">\n\t\t\t<div class=\"elementor-widget-wrap elementor-element-populated\">\n\t\t\t\t\t\t<div class=\"elementor-element elementor-element-f40bb84 elementor-widget elementor-widget-image\" data-id=\"f40bb84\" data-element_type=\"widget\" data-widget_type=\"image.default\">\n\t\t\t\t<div class=\"elementor-widget-container\">\n\t\t\t\t\t\t\t\t\t\t\t\t\t\t\t<img loading=\"lazy\" decoding=\"async\" width=\"250\" height=\"250\" src=\"https:\/\/capercaillie.eu\/wp-content\/uploads\/2023\/01\/Hrvatske-sume-logo.png\" class=\"attachment-large size-large wp-image-6074\" alt=\"\" srcset=\"https:\/\/capercaillie.eu\/wp-content\/uploads\/2023\/01\/Hrvatske-sume-logo.png 250w, https:\/\/capercaillie.eu\/wp-content\/uploads\/2023\/01\/Hrvatske-sume-logo-150x150.png 150w\" sizes=\"(max-width: 250px) 100vw, 250px\" \/>\t\t\t\t\t\t\t\t\t\t\t\t\t\t\t<\/div>\n\t\t\t\t<\/div>\n\t\t\t\t\t<\/div>\n\t\t<\/div>\n\t\t\t\t<div class=\"elementor-column elementor-col-20 elementor-top-column elementor-element elementor-element-58d9030\" data-id=\"58d9030\" data-element_type=\"column\">\n\t\t\t<div class=\"elementor-widget-wrap elementor-element-populated\">\n\t\t\t\t\t\t<div class=\"elementor-element elementor-element-e3cd26a elementor-widget elementor-widget-image\" data-id=\"e3cd26a\" data-element_type=\"widget\" data-widget_type=\"image.default\">\n\t\t\t\t<div class=\"elementor-widget-container\">\n\t\t\t\t\t\t\t\t\t\t\t\t\t\t\t<img loading=\"lazy\" decoding=\"async\" width=\"250\" height=\"250\" src=\"https:\/\/capercaillie.eu\/wp-content\/uploads\/2023\/01\/Hep-Logo.png\" class=\"attachment-large size-large wp-image-6098\" alt=\"\" srcset=\"https:\/\/capercaillie.eu\/wp-content\/uploads\/2023\/01\/Hep-Logo.png 250w, https:\/\/capercaillie.eu\/wp-content\/uploads\/2023\/01\/Hep-Logo-150x150.png 150w\" sizes=\"(max-width: 250px) 100vw, 250px\" \/>\t\t\t\t\t\t\t\t\t\t\t\t\t\t\t<\/div>\n\t\t\t\t<\/div>\n\t\t\t\t\t<\/div>\n\t\t<\/div>\n\t\t\t\t\t<\/div>\n\t\t<\/section>\n\t\t\t\t<section class=\"elementor-section elementor-top-section elementor-element elementor-element-363d029 elementor-section-boxed elementor-section-height-default elementor-section-height-default\" data-id=\"363d029\" data-element_type=\"section\">\n\t\t\t\t\t\t<div class=\"elementor-container elementor-column-gap-default\">\n\t\t\t\t\t<div class=\"elementor-column elementor-col-20 elementor-top-column elementor-element elementor-element-8d20633\" data-id=\"8d20633\" data-element_type=\"column\">\n\t\t\t<div class=\"elementor-widget-wrap elementor-element-populated\">\n\t\t\t\t\t\t<div class=\"elementor-element elementor-element-dd78536 elementor-widget elementor-widget-image\" data-id=\"dd78536\" data-element_type=\"widget\" data-widget_type=\"image.default\">\n\t\t\t\t<div class=\"elementor-widget-container\">\n\t\t\t\t\t\t\t\t\t\t\t\t\t\t\t<img loading=\"lazy\" decoding=\"async\" width=\"250\" height=\"250\" src=\"https:\/\/capercaillie.eu\/wp-content\/uploads\/2023\/01\/Janaf-Logo.png\" class=\"attachment-large size-large wp-image-6066\" alt=\"\" srcset=\"https:\/\/capercaillie.eu\/wp-content\/uploads\/2023\/01\/Janaf-Logo.png 250w, https:\/\/capercaillie.eu\/wp-content\/uploads\/2023\/01\/Janaf-Logo-150x150.png 150w\" sizes=\"(max-width: 250px) 100vw, 250px\" \/>\t\t\t\t\t\t\t\t\t\t\t\t\t\t\t<\/div>\n\t\t\t\t<\/div>\n\t\t\t\t\t<\/div>\n\t\t<\/div>\n\t\t\t\t<div class=\"elementor-column elementor-col-20 elementor-top-column elementor-element elementor-element-ede0a6a\" data-id=\"ede0a6a\" data-element_type=\"column\">\n\t\t\t<div class=\"elementor-widget-wrap elementor-element-populated\">\n\t\t\t\t\t\t<div class=\"elementor-element elementor-element-434fdb1 elementor-widget elementor-widget-image\" data-id=\"434fdb1\" data-element_type=\"widget\" data-widget_type=\"image.default\">\n\t\t\t\t<div class=\"elementor-widget-container\">\n\t\t\t\t\t\t\t\t\t\t\t\t\t\t\t<img loading=\"lazy\" decoding=\"async\" width=\"250\" height=\"250\" src=\"https:\/\/capercaillie.eu\/wp-content\/uploads\/2023\/01\/Adris-Logo.png\" class=\"attachment-large size-large wp-image-6070\" alt=\"\" srcset=\"https:\/\/capercaillie.eu\/wp-content\/uploads\/2023\/01\/Adris-Logo.png 250w, https:\/\/capercaillie.eu\/wp-content\/uploads\/2023\/01\/Adris-Logo-150x150.png 150w\" sizes=\"(max-width: 250px) 100vw, 250px\" \/>\t\t\t\t\t\t\t\t\t\t\t\t\t\t\t<\/div>\n\t\t\t\t<\/div>\n\t\t\t\t\t<\/div>\n\t\t<\/div>\n\t\t\t\t<div class=\"elementor-column elementor-col-20 elementor-top-column elementor-element elementor-element-9d1e19f\" data-id=\"9d1e19f\" data-element_type=\"column\">\n\t\t\t<div class=\"elementor-widget-wrap elementor-element-populated\">\n\t\t\t\t\t\t<div class=\"elementor-element elementor-element-c974f63 elementor-widget elementor-widget-image\" data-id=\"c974f63\" data-element_type=\"widget\" data-widget_type=\"image.default\">\n\t\t\t\t<div class=\"elementor-widget-container\">\n\t\t\t\t\t\t\t\t\t\t\t\t\t\t\t<img loading=\"lazy\" decoding=\"async\" width=\"250\" height=\"250\" src=\"https:\/\/capercaillie.eu\/wp-content\/uploads\/2023\/01\/dm-logo-1.png\" class=\"attachment-large size-large wp-image-6106\" alt=\"\" srcset=\"https:\/\/capercaillie.eu\/wp-content\/uploads\/2023\/01\/dm-logo-1.png 250w, https:\/\/capercaillie.eu\/wp-content\/uploads\/2023\/01\/dm-logo-1-150x150.png 150w\" sizes=\"(max-width: 250px) 100vw, 250px\" \/>\t\t\t\t\t\t\t\t\t\t\t\t\t\t\t<\/div>\n\t\t\t\t<\/div>\n\t\t\t\t\t<\/div>\n\t\t<\/div>\n\t\t\t\t<div class=\"elementor-column elementor-col-20 elementor-top-column elementor-element elementor-element-ef61713\" data-id=\"ef61713\" data-element_type=\"column\">\n\t\t\t<div class=\"elementor-widget-wrap elementor-element-populated\">\n\t\t\t\t\t\t<div class=\"elementor-element elementor-element-1da1114 elementor-widget elementor-widget-image\" data-id=\"1da1114\" data-element_type=\"widget\" data-widget_type=\"image.default\">\n\t\t\t\t<div class=\"elementor-widget-container\">\n\t\t\t\t\t\t\t\t\t\t\t\t\t\t\t<img loading=\"lazy\" decoding=\"async\" width=\"250\" height=\"250\" src=\"https:\/\/capercaillie.eu\/wp-content\/uploads\/2023\/01\/Cabar-logo.png\" class=\"attachment-large size-large wp-image-6078\" alt=\"\" srcset=\"https:\/\/capercaillie.eu\/wp-content\/uploads\/2023\/01\/Cabar-logo.png 250w, https:\/\/capercaillie.eu\/wp-content\/uploads\/2023\/01\/Cabar-logo-150x150.png 150w\" sizes=\"(max-width: 250px) 100vw, 250px\" \/>\t\t\t\t\t\t\t\t\t\t\t\t\t\t\t<\/div>\n\t\t\t\t<\/div>\n\t\t\t\t\t<\/div>\n\t\t<\/div>\n\t\t\t\t<div class=\"elementor-column elementor-col-20 elementor-top-column elementor-element elementor-element-9dad55d\" data-id=\"9dad55d\" data-element_type=\"column\">\n\t\t\t<div class=\"elementor-widget-wrap\">\n\t\t\t\t\t\t\t<\/div>\n\t\t<\/div>\n\t\t\t\t\t<\/div>\n\t\t<\/section>\n\t\t\t\t<section class=\"elementor-section elementor-top-section elementor-element elementor-element-0388bf8 elementor-section-stretched elementor-section-boxed elementor-section-height-default elementor-section-height-default\" data-id=\"0388bf8\" data-element_type=\"section\" data-settings=\"{&quot;stretch_section&quot;:&quot;section-stretched&quot;,&quot;background_background&quot;:&quot;classic&quot;}\">\n\t\t\t\t\t\t<div class=\"elementor-container elementor-column-gap-default\">\n\t\t\t\t\t<div class=\"elementor-column elementor-col-100 elementor-top-column elementor-element elementor-element-a2a8f8b\" data-id=\"a2a8f8b\" data-element_type=\"column\">\n\t\t\t<div class=\"elementor-widget-wrap elementor-element-populated\">\n\t\t\t\t\t\t<div class=\"elementor-element elementor-element-f493e4a elementor-widget elementor-widget-tf-title-section\" data-id=\"f493e4a\" data-element_type=\"widget\" data-widget_type=\"tf-title-section.default\">\n\t\t\t\t<div class=\"elementor-widget-container\">\n\t\t\t\t\t<div id=\"tf-title-section-f493e4a\" class=\"tf-title-section\" data-tabid=\"f493e4a\"> \r\n\t\t\t\t\r\n\t\t\t<div class=\"title-section\">\r\n\t\t\t\t<div class=\"before-heading\">DONACIJE<\/div>\r\n\t\t\t\t<h2 class=\"heading\">Primorsko-goranska County (PG\u017d) assigned to the founder <span class=\"tf-secondary-color\"> PhD Ivica Kri\u017e<\/span><\/h2>\r\n\t\t\t\t<div class=\"sub-title\"><p>Udruga za za\u0161titu \u017eivotinja \"Tetrijeb\" primarno se bavi revitalizacijom Tetrijeba gluhana (Tetrao urogallus). Cilj nam je ponovno naseljavanje te strogo za\u0161ti\u0107ene planinske ptice iz ledenog doba u Gorskom kotaru (Hrvatska). Sura\u0111ujemo sa Veterinarskim i \u0160umarskim fakultetom Sveu\u010dili\u0161ta u Zagrebu, kao i sa Ministarstvom za\u0161tite okoli\u0161a i energetike (MZOIE), gdje u suradnji sa Hrvatskim \u0161umama (H\u0160) pripremamo pogodna stani\u0161ta za ponovno naseljavanje i monitoring Tetrijeba gluhana. Trenutno izra\u0111ujemo plan upravljanja Tetrijebom gluhanom u suradnji sa Ministarstvom za\u0161tite okoli\u0161a i energetike (MZOIE). Stoga,\u00a0<strong>svaka i najmanja donacija nam je dobrodo\u0161la<\/strong>.<\/p><p>Srda\u010dno Vam se zahvaljujemo za svaku pomo\u0107, koja nam je potrebna za zahtjevni uzgoj Tetrijeba gluhana. Svi donatori biti \u0107e upisani u Knjigu kumstva koja se vodi od 2015.godine. Svake godine 15.01. na izvanrednoj Skup\u0161tini Udruge za za\u0161titu \u017eivotinja \"Tetrijeb\" fizi\u010dka ili pravna osoba koja je uplatila najve\u0107u donaciju u prethodnoj godini dobiva na\u00a0<strong>poklon besplatan foto lov na tetrijeba gluhana<\/strong>.\u00a0<strong>Dobitnik<\/strong>\u00a0\u0107e biti slu\u017ebeno kontaktiran, stoga Vas molimo da u opisu donacije navedete Va\u0161u e-mail adresu, kako bismo Vas mogli obavijestiti o osvojenoj nagradi. Pomognimo prirodi i ona \u0107e nam uzvratiti! Hvala Vam!<\/p><p><strong>Podaci za uplatu donacije:<\/strong><br \/>Udruga za za\u0161titu \u017eivotinja \"Tetrijeb\"<br \/>Goranska 148, 51307 Prezid, CROATIA<br \/>IBAN: HR2924080021100040916<br \/>SWIFT (BIC): PAZGHR2X<br \/>Partner banka d.d. | Poziv na broj: 00 29-10-1974<br \/>Opis: Donacija Udruzi \"Tetrijeb\"<\/p><\/div>\r\n\t\t\t<\/div>                \r\n            <\/div>\t\t\t\t<\/div>\n\t\t\t\t<\/div>\n\t\t\t\t<div class=\"elementor-element elementor-element-8ac053b divider-separator-rounded elementor-widget-divider--view-line elementor-widget elementor-widget-divider\" data-id=\"8ac053b\" data-element_type=\"widget\" data-widget_type=\"divider.default\">\n\t\t\t\t<div class=\"elementor-widget-container\">\n\t\t\t\t\t\t\t<div class=\"elementor-divider\">\n\t\t\t<span class=\"elementor-divider-separator\">\n\t\t\t\t\t\t<\/span>\n\t\t<\/div>\n\t\t\t\t\t\t<\/div>\n\t\t\t\t<\/div>\n\t\t\t\t<div class=\"elementor-element elementor-element-a71e13b elementor-absolute img-side-right elementor-hidden-tablet elementor-hidden-mobile elementor-widget elementor-widget-image\" data-id=\"a71e13b\" data-element_type=\"widget\" data-settings=\"{&quot;_position&quot;:&quot;absolute&quot;}\" data-widget_type=\"image.default\">\n\t\t\t\t<div class=\"elementor-widget-container\">\n\t\t\t\t\t\t\t\t\t\t\t\t\t\t\t<img loading=\"lazy\" decoding=\"async\" width=\"258\" height=\"300\" src=\"https:\/\/capercaillie.eu\/wp-content\/uploads\/2023\/01\/tetrijeb-donacije.jpg\" class=\"attachment-medium size-medium wp-image-5250\" alt=\"\" \/>\t\t\t\t\t\t\t\t\t\t\t\t\t\t\t<\/div>\n\t\t\t\t<\/div>\n\t\t\t\t\t<\/div>\n\t\t<\/div>\n\t\t\t\t\t<\/div>\n\t\t<\/section>\n\t\t\t\t<\/div>\n\t\t","protected":false},"excerpt":{"rendered":"<p>Rad Udruge \u201eTetrijeb\u201c omogu\u0107uju sljede\u0107i sponzori: DONACIJE Primorsko-goranska County (PG\u017d) assigned to the founder PhD Ivica Kri\u017e Udruga za za\u0161titu \u017eivotinja &#8220;Tetrijeb&#8221; primarno se bavi revitalizacijom Tetrijeba [&hellip;]<\/p>\n","protected":false},"author":2,"featured_media":5308,"parent":0,"menu_order":0,"comment_status":"closed","ping_status":"closed","template":"","meta":{"footnotes":""},"yst_prominent_words":[],"class_list":["post-6189","page","type-page","status-publish","has-post-thumbnail","hentry"],"_links":{"self":[{"href":"https:\/\/capercaillie.eu\/hr\/wp-json\/wp\/v2\/pages\/6189","targetHints":{"allow":["GET"]}}],"collection":[{"href":"https:\/\/capercaillie.eu\/hr\/wp-json\/wp\/v2\/pages"}],"about":[{"href":"https:\/\/capercaillie.eu\/hr\/wp-json\/wp\/v2\/types\/page"}],"author":[{"embeddable":true,"href":"https:\/\/capercaillie.eu\/hr\/wp-json\/wp\/v2\/users\/2"}],"replies":[{"embeddable":true,"href":"https:\/\/capercaillie.eu\/hr\/wp-json\/wp\/v2\/comments?post=6189"}],"version-history":[{"count":28,"href":"https:\/\/capercaillie.eu\/hr\/wp-json\/wp\/v2\/pages\/6189\/revisions"}],"predecessor-version":[{"id":7574,"href":"https:\/\/capercaillie.eu\/hr\/wp-json\/wp\/v2\/pages\/6189\/revisions\/7574"}],"wp:featuredmedia":[{"embeddable":true,"href":"https:\/\/capercaillie.eu\/hr\/wp-json\/wp\/v2\/media\/5308"}],"wp:attachment":[{"href":"https:\/\/capercaillie.eu\/hr\/wp-json\/wp\/v2\/media?parent=6189"}],"wp:term":[{"taxonomy":"yst_prominent_words","embeddable":true,"href":"https:\/\/capercaillie.eu\/hr\/wp-json\/wp\/v2\/yst_prominent_words?post=6189"}],"curies":[{"name":"wp","href":"https:\/\/api.w.org\/{rel}","templated":true}]}}