{"id":6190,"date":"2023-01-22T16:08:08","date_gmt":"2023-01-22T15:08:08","guid":{"rendered":"https:\/\/capercaillie.eu\/accommodation\/"},"modified":"2023-11-02T19:30:43","modified_gmt":"2023-11-02T18:30:43","slug":"sponsoren","status":"publish","type":"page","link":"https:\/\/capercaillie.eu\/de\/sponsoren\/","title":{"rendered":"Sponsoren"},"content":{"rendered":"\t\t<div data-elementor-type=\"wp-page\" data-elementor-id=\"6190\" class=\"elementor elementor-6190 elementor-5322\" data-elementor-post-type=\"page\">\n\t\t\t\t\t\t<section class=\"elementor-section elementor-top-section elementor-element elementor-element-aff4f9f elementor-section-stretched elementor-section-boxed elementor-section-height-default elementor-section-height-default\" data-id=\"aff4f9f\" data-element_type=\"section\" data-settings=\"{&quot;stretch_section&quot;:&quot;section-stretched&quot;,&quot;background_background&quot;:&quot;classic&quot;}\">\n\t\t\t\t\t\t<div class=\"elementor-container elementor-column-gap-no\">\n\t\t\t\t\t<div class=\"elementor-column elementor-col-100 elementor-top-column elementor-element elementor-element-f7fb2ed\" data-id=\"f7fb2ed\" data-element_type=\"column\">\n\t\t\t<div class=\"elementor-widget-wrap elementor-element-populated\">\n\t\t\t\t\t\t<div class=\"elementor-element elementor-element-7f69533 elementor-widget elementor-widget-tf-title-section\" data-id=\"7f69533\" data-element_type=\"widget\" data-widget_type=\"tf-title-section.default\">\n\t\t\t\t<div class=\"elementor-widget-container\">\n\t\t\t\t\t<div id=\"tf-title-section-7f69533\" class=\"tf-title-section\" data-tabid=\"7f69533\"> \r\n\t\t\t\t\r\n\t\t\t<div class=\"title-section\">\r\n\t\t\t\t\r\n\t\t\t\t<h2 class=\"heading\">Die Arbeit der<span class=\"tf-secondary-color\">Verein \"Auerhuhn\".<\/span> wird durch folgende Sponsoren erm\u00f6glicht:<\/h2>\r\n\t\t\t\t\r\n\t\t\t<\/div>                \r\n            <\/div>\t\t\t\t<\/div>\n\t\t\t\t<\/div>\n\t\t\t\t<div class=\"elementor-element elementor-element-e59c0c2 divider-separator-rounded elementor-widget-divider--view-line elementor-widget elementor-widget-divider\" data-id=\"e59c0c2\" data-element_type=\"widget\" data-widget_type=\"divider.default\">\n\t\t\t\t<div class=\"elementor-widget-container\">\n\t\t\t\t\t\t\t<div class=\"elementor-divider\">\n\t\t\t<span class=\"elementor-divider-separator\">\n\t\t\t\t\t\t<\/span>\n\t\t<\/div>\n\t\t\t\t\t\t<\/div>\n\t\t\t\t<\/div>\n\t\t\t\t\t<\/div>\n\t\t<\/div>\n\t\t\t\t\t<\/div>\n\t\t<\/section>\n\t\t\t\t<section class=\"elementor-section elementor-top-section elementor-element elementor-element-019e4dd elementor-section-boxed elementor-section-height-default elementor-section-height-default\" data-id=\"019e4dd\" data-element_type=\"section\">\n\t\t\t\t\t\t<div class=\"elementor-container elementor-column-gap-default\">\n\t\t\t\t\t<div class=\"elementor-column elementor-col-20 elementor-top-column elementor-element elementor-element-ac83b3d\" data-id=\"ac83b3d\" data-element_type=\"column\">\n\t\t\t<div class=\"elementor-widget-wrap elementor-element-populated\">\n\t\t\t\t\t\t<div class=\"elementor-element elementor-element-f81455a elementor-widget elementor-widget-image\" data-id=\"f81455a\" data-element_type=\"widget\" data-widget_type=\"image.default\">\n\t\t\t\t<div class=\"elementor-widget-container\">\n\t\t\t\t\t\t\t\t\t\t\t\t\t\t\t<img fetchpriority=\"high\" decoding=\"async\" width=\"250\" height=\"250\" src=\"https:\/\/capercaillie.eu\/wp-content\/uploads\/2023\/01\/PGZ-logo.png\" class=\"attachment-large size-large wp-image-6082\" alt=\"\" srcset=\"https:\/\/capercaillie.eu\/wp-content\/uploads\/2023\/01\/PGZ-logo.png 250w, https:\/\/capercaillie.eu\/wp-content\/uploads\/2023\/01\/PGZ-logo-150x150.png 150w\" sizes=\"(max-width: 250px) 100vw, 250px\" \/>\t\t\t\t\t\t\t\t\t\t\t\t\t\t\t<\/div>\n\t\t\t\t<\/div>\n\t\t\t\t\t<\/div>\n\t\t<\/div>\n\t\t\t\t<div class=\"elementor-column elementor-col-20 elementor-top-column elementor-element elementor-element-0640104\" data-id=\"0640104\" data-element_type=\"column\">\n\t\t\t<div class=\"elementor-widget-wrap elementor-element-populated\">\n\t\t\t\t\t\t<div class=\"elementor-element elementor-element-f19c7c9 elementor-widget elementor-widget-image\" data-id=\"f19c7c9\" data-element_type=\"widget\" data-widget_type=\"image.default\">\n\t\t\t\t<div class=\"elementor-widget-container\">\n\t\t\t\t\t\t\t\t\t\t\t\t\t\t\t<img decoding=\"async\" width=\"250\" height=\"250\" src=\"https:\/\/capercaillie.eu\/wp-content\/uploads\/2023\/01\/HLS-Logo.png\" class=\"attachment-large size-large wp-image-6094\" alt=\"\" srcset=\"https:\/\/capercaillie.eu\/wp-content\/uploads\/2023\/01\/HLS-Logo.png 250w, https:\/\/capercaillie.eu\/wp-content\/uploads\/2023\/01\/HLS-Logo-150x150.png 150w\" sizes=\"(max-width: 250px) 100vw, 250px\" \/>\t\t\t\t\t\t\t\t\t\t\t\t\t\t\t<\/div>\n\t\t\t\t<\/div>\n\t\t\t\t\t<\/div>\n\t\t<\/div>\n\t\t\t\t<div class=\"elementor-column elementor-col-20 elementor-top-column elementor-element elementor-element-45257c7\" data-id=\"45257c7\" data-element_type=\"column\">\n\t\t\t<div class=\"elementor-widget-wrap elementor-element-populated\">\n\t\t\t\t\t\t<div class=\"elementor-element elementor-element-50ed80f elementor-widget elementor-widget-image\" data-id=\"50ed80f\" data-element_type=\"widget\" data-widget_type=\"image.default\">\n\t\t\t\t<div class=\"elementor-widget-container\">\n\t\t\t\t\t\t\t\t\t\t\t\t\t\t\t<img decoding=\"async\" width=\"250\" height=\"250\" src=\"https:\/\/capercaillie.eu\/wp-content\/uploads\/2023\/01\/LS-PGZ-logo.png\" class=\"attachment-large size-large wp-image-6086\" alt=\"\" srcset=\"https:\/\/capercaillie.eu\/wp-content\/uploads\/2023\/01\/LS-PGZ-logo.png 250w, https:\/\/capercaillie.eu\/wp-content\/uploads\/2023\/01\/LS-PGZ-logo-150x150.png 150w\" sizes=\"(max-width: 250px) 100vw, 250px\" \/>\t\t\t\t\t\t\t\t\t\t\t\t\t\t\t<\/div>\n\t\t\t\t<\/div>\n\t\t\t\t\t<\/div>\n\t\t<\/div>\n\t\t\t\t<div class=\"elementor-column elementor-col-20 elementor-top-column elementor-element elementor-element-c353f6c\" data-id=\"c353f6c\" data-element_type=\"column\">\n\t\t\t<div class=\"elementor-widget-wrap elementor-element-populated\">\n\t\t\t\t\t\t<div class=\"elementor-element elementor-element-f40bb84 elementor-widget elementor-widget-image\" data-id=\"f40bb84\" data-element_type=\"widget\" data-widget_type=\"image.default\">\n\t\t\t\t<div class=\"elementor-widget-container\">\n\t\t\t\t\t\t\t\t\t\t\t\t\t\t\t<img loading=\"lazy\" decoding=\"async\" width=\"250\" height=\"250\" src=\"https:\/\/capercaillie.eu\/wp-content\/uploads\/2023\/01\/Hrvatske-sume-logo.png\" class=\"attachment-large size-large wp-image-6074\" alt=\"\" srcset=\"https:\/\/capercaillie.eu\/wp-content\/uploads\/2023\/01\/Hrvatske-sume-logo.png 250w, https:\/\/capercaillie.eu\/wp-content\/uploads\/2023\/01\/Hrvatske-sume-logo-150x150.png 150w\" sizes=\"(max-width: 250px) 100vw, 250px\" \/>\t\t\t\t\t\t\t\t\t\t\t\t\t\t\t<\/div>\n\t\t\t\t<\/div>\n\t\t\t\t\t<\/div>\n\t\t<\/div>\n\t\t\t\t<div class=\"elementor-column elementor-col-20 elementor-top-column elementor-element elementor-element-58d9030\" data-id=\"58d9030\" data-element_type=\"column\">\n\t\t\t<div class=\"elementor-widget-wrap elementor-element-populated\">\n\t\t\t\t\t\t<div class=\"elementor-element elementor-element-e3cd26a elementor-widget elementor-widget-image\" data-id=\"e3cd26a\" data-element_type=\"widget\" data-widget_type=\"image.default\">\n\t\t\t\t<div class=\"elementor-widget-container\">\n\t\t\t\t\t\t\t\t\t\t\t\t\t\t\t<img loading=\"lazy\" decoding=\"async\" width=\"250\" height=\"250\" src=\"https:\/\/capercaillie.eu\/wp-content\/uploads\/2023\/01\/Hep-Logo.png\" class=\"attachment-large size-large wp-image-6098\" alt=\"\" srcset=\"https:\/\/capercaillie.eu\/wp-content\/uploads\/2023\/01\/Hep-Logo.png 250w, https:\/\/capercaillie.eu\/wp-content\/uploads\/2023\/01\/Hep-Logo-150x150.png 150w\" sizes=\"(max-width: 250px) 100vw, 250px\" \/>\t\t\t\t\t\t\t\t\t\t\t\t\t\t\t<\/div>\n\t\t\t\t<\/div>\n\t\t\t\t\t<\/div>\n\t\t<\/div>\n\t\t\t\t\t<\/div>\n\t\t<\/section>\n\t\t\t\t<section class=\"elementor-section elementor-top-section elementor-element elementor-element-363d029 elementor-section-boxed elementor-section-height-default elementor-section-height-default\" data-id=\"363d029\" data-element_type=\"section\">\n\t\t\t\t\t\t<div class=\"elementor-container elementor-column-gap-default\">\n\t\t\t\t\t<div class=\"elementor-column elementor-col-20 elementor-top-column elementor-element elementor-element-8d20633\" data-id=\"8d20633\" data-element_type=\"column\">\n\t\t\t<div class=\"elementor-widget-wrap elementor-element-populated\">\n\t\t\t\t\t\t<div class=\"elementor-element elementor-element-dd78536 elementor-widget elementor-widget-image\" data-id=\"dd78536\" data-element_type=\"widget\" data-widget_type=\"image.default\">\n\t\t\t\t<div class=\"elementor-widget-container\">\n\t\t\t\t\t\t\t\t\t\t\t\t\t\t\t<img loading=\"lazy\" decoding=\"async\" width=\"250\" height=\"250\" src=\"https:\/\/capercaillie.eu\/wp-content\/uploads\/2023\/01\/Janaf-Logo.png\" class=\"attachment-large size-large wp-image-6066\" alt=\"\" srcset=\"https:\/\/capercaillie.eu\/wp-content\/uploads\/2023\/01\/Janaf-Logo.png 250w, https:\/\/capercaillie.eu\/wp-content\/uploads\/2023\/01\/Janaf-Logo-150x150.png 150w\" sizes=\"(max-width: 250px) 100vw, 250px\" \/>\t\t\t\t\t\t\t\t\t\t\t\t\t\t\t<\/div>\n\t\t\t\t<\/div>\n\t\t\t\t\t<\/div>\n\t\t<\/div>\n\t\t\t\t<div class=\"elementor-column elementor-col-20 elementor-top-column elementor-element elementor-element-ede0a6a\" data-id=\"ede0a6a\" data-element_type=\"column\">\n\t\t\t<div class=\"elementor-widget-wrap elementor-element-populated\">\n\t\t\t\t\t\t<div class=\"elementor-element elementor-element-434fdb1 elementor-widget elementor-widget-image\" data-id=\"434fdb1\" data-element_type=\"widget\" data-widget_type=\"image.default\">\n\t\t\t\t<div class=\"elementor-widget-container\">\n\t\t\t\t\t\t\t\t\t\t\t\t\t\t\t<img loading=\"lazy\" decoding=\"async\" width=\"250\" height=\"250\" src=\"https:\/\/capercaillie.eu\/wp-content\/uploads\/2023\/01\/Adris-Logo.png\" class=\"attachment-large size-large wp-image-6070\" alt=\"\" srcset=\"https:\/\/capercaillie.eu\/wp-content\/uploads\/2023\/01\/Adris-Logo.png 250w, https:\/\/capercaillie.eu\/wp-content\/uploads\/2023\/01\/Adris-Logo-150x150.png 150w\" sizes=\"(max-width: 250px) 100vw, 250px\" \/>\t\t\t\t\t\t\t\t\t\t\t\t\t\t\t<\/div>\n\t\t\t\t<\/div>\n\t\t\t\t\t<\/div>\n\t\t<\/div>\n\t\t\t\t<div class=\"elementor-column elementor-col-20 elementor-top-column elementor-element elementor-element-9d1e19f\" data-id=\"9d1e19f\" data-element_type=\"column\">\n\t\t\t<div class=\"elementor-widget-wrap elementor-element-populated\">\n\t\t\t\t\t\t<div class=\"elementor-element elementor-element-c974f63 elementor-widget elementor-widget-image\" data-id=\"c974f63\" data-element_type=\"widget\" data-widget_type=\"image.default\">\n\t\t\t\t<div class=\"elementor-widget-container\">\n\t\t\t\t\t\t\t\t\t\t\t\t\t\t\t<img loading=\"lazy\" decoding=\"async\" width=\"250\" height=\"250\" src=\"https:\/\/capercaillie.eu\/wp-content\/uploads\/2023\/01\/dm-logo-1.png\" class=\"attachment-large size-large wp-image-6106\" alt=\"\" srcset=\"https:\/\/capercaillie.eu\/wp-content\/uploads\/2023\/01\/dm-logo-1.png 250w, https:\/\/capercaillie.eu\/wp-content\/uploads\/2023\/01\/dm-logo-1-150x150.png 150w\" sizes=\"(max-width: 250px) 100vw, 250px\" \/>\t\t\t\t\t\t\t\t\t\t\t\t\t\t\t<\/div>\n\t\t\t\t<\/div>\n\t\t\t\t\t<\/div>\n\t\t<\/div>\n\t\t\t\t<div class=\"elementor-column elementor-col-20 elementor-top-column elementor-element elementor-element-ef61713\" data-id=\"ef61713\" data-element_type=\"column\">\n\t\t\t<div class=\"elementor-widget-wrap elementor-element-populated\">\n\t\t\t\t\t\t<div class=\"elementor-element elementor-element-1da1114 elementor-widget elementor-widget-image\" data-id=\"1da1114\" data-element_type=\"widget\" data-widget_type=\"image.default\">\n\t\t\t\t<div class=\"elementor-widget-container\">\n\t\t\t\t\t\t\t\t\t\t\t\t\t\t\t<img loading=\"lazy\" decoding=\"async\" width=\"250\" height=\"250\" src=\"https:\/\/capercaillie.eu\/wp-content\/uploads\/2023\/01\/Cabar-logo.png\" class=\"attachment-large size-large wp-image-6078\" alt=\"\" srcset=\"https:\/\/capercaillie.eu\/wp-content\/uploads\/2023\/01\/Cabar-logo.png 250w, https:\/\/capercaillie.eu\/wp-content\/uploads\/2023\/01\/Cabar-logo-150x150.png 150w\" sizes=\"(max-width: 250px) 100vw, 250px\" \/>\t\t\t\t\t\t\t\t\t\t\t\t\t\t\t<\/div>\n\t\t\t\t<\/div>\n\t\t\t\t\t<\/div>\n\t\t<\/div>\n\t\t\t\t<div class=\"elementor-column elementor-col-20 elementor-top-column elementor-element elementor-element-9dad55d\" data-id=\"9dad55d\" data-element_type=\"column\">\n\t\t\t<div class=\"elementor-widget-wrap\">\n\t\t\t\t\t\t\t<\/div>\n\t\t<\/div>\n\t\t\t\t\t<\/div>\n\t\t<\/section>\n\t\t\t\t<section class=\"elementor-section elementor-top-section elementor-element elementor-element-11831e5 elementor-section-stretched elementor-section-boxed elementor-section-height-default elementor-section-height-default\" data-id=\"11831e5\" data-element_type=\"section\" data-settings=\"{&quot;stretch_section&quot;:&quot;section-stretched&quot;,&quot;background_background&quot;:&quot;classic&quot;}\">\n\t\t\t\t\t\t<div class=\"elementor-container elementor-column-gap-default\">\n\t\t\t\t\t<div class=\"elementor-column elementor-col-100 elementor-top-column elementor-element elementor-element-a572526\" data-id=\"a572526\" data-element_type=\"column\">\n\t\t\t<div class=\"elementor-widget-wrap elementor-element-populated\">\n\t\t\t\t\t\t<div class=\"elementor-element elementor-element-abb2e03 elementor-widget elementor-widget-tf-title-section\" data-id=\"abb2e03\" data-element_type=\"widget\" data-widget_type=\"tf-title-section.default\">\n\t\t\t\t<div class=\"elementor-widget-container\">\n\t\t\t\t\t<div id=\"tf-title-section-abb2e03\" class=\"tf-title-section\" data-tabid=\"abb2e03\"> \r\n\t\t\t\t\r\n\t\t\t<div class=\"title-section\">\r\n\t\t\t\t<div class=\"before-heading\">SPENDEN<\/div>\r\n\t\t\t\t<h2 class=\"heading\">Gespanschaft Primorsko-goranska (PG\u017d) dem Gr\u00fcnder  <span class=\"tf-secondary-color\"> Dr. Ivica Kri\u017e <\/span><\/h2>\r\n\t\t\t\t<div class=\"sub-title\"><p>Die Auerhuhn Tierschutzverband befasst sich haupts\u00e4chlich mit der Revitalisierung von Auerhuhn (Tetrao urogallus). Unser Ziel ist es, diese streng gesch\u00fctzten Bergv\u00f6gel aus der Eiszeit in Gorski Kotar (Kroatien) wieder zu bewohnen. Wir arbeiten mit der Veterin\u00e4r- und Forstwissenschaftlichen Fakult\u00e4t der Universit\u00e4t Zagreb sowie mit dem Ministerium f\u00fcr Umwelt und Energie (MZOIE) zusammen, wo wir in Zusammenarbeit mit den kroatischen W\u00e4ldern (H\u0160) geeignete Lebensr\u00e4ume f\u00fcr die Umsiedlung und \u00dcberwachung von Auerhuhn vorbereiten. Derzeit entwickeln wir in Zusammenarbeit mit dem Ministerium f\u00fcr Umwelt und Energie (MoESIE) einen Managementplan f\u00fcr Capercaillie. Daher ist jede Spende willkommen.<\/p><p>Vielen Dank f\u00fcr all die Hilfe, die wir f\u00fcr die Pflege von Auerhuhn ben\u00f6tigen. Alle Spender werden in das Buch der Paten 2015 aufgenommen. Jedes Jahr 15.01. Bei der au\u00dferordentlichen Versammlung der Auerhuhn Gruppe erh\u00e4lt die nat\u00fcrliche oder juristische Person,\u00a0<strong>die im vergangenen Jahr die gr\u00f6\u00dfte Spende geleistet hat, als Geschenk kostenlose Tierfotografie auf der Capercaillie. Der Gewinner<\/strong>\u00a0wird offiziell kontaktiert. Bitte geben Sie Ihre E-Mail-Adresse in der Beschreibung der Spende an, damit wir Sie \u00fcber den gewonnenen Preis informieren k\u00f6nnen. Helfen wir der Natur und sie wird sich revanchieren! Vielen Dank!<\/p><p>Spendeninformationen:<br \/>Tetrijeb Tierschutzverband<br \/>Goranska 148, 51307 Prezid, KROATIEN<br \/>IBAN: HR2924080021100040916<br \/>SWIFT (BIC): PAZGHR2X<br \/>Partner Bank d.d. | Rufnummer: 00 29-10-1974<br \/>Beschreibung: Spende an die Tetrijeb Verband<\/p><\/div>\r\n\t\t\t<\/div>                \r\n            <\/div>\t\t\t\t<\/div>\n\t\t\t\t<\/div>\n\t\t\t\t<div class=\"elementor-element elementor-element-12b83e3 divider-separator-rounded elementor-widget-divider--view-line elementor-widget elementor-widget-divider\" data-id=\"12b83e3\" data-element_type=\"widget\" data-widget_type=\"divider.default\">\n\t\t\t\t<div class=\"elementor-widget-container\">\n\t\t\t\t\t\t\t<div class=\"elementor-divider\">\n\t\t\t<span class=\"elementor-divider-separator\">\n\t\t\t\t\t\t<\/span>\n\t\t<\/div>\n\t\t\t\t\t\t<\/div>\n\t\t\t\t<\/div>\n\t\t\t\t<div class=\"elementor-element elementor-element-5763d9d elementor-absolute img-side-right elementor-hidden-tablet elementor-hidden-mobile elementor-widget elementor-widget-image\" data-id=\"5763d9d\" data-element_type=\"widget\" data-settings=\"{&quot;_position&quot;:&quot;absolute&quot;}\" data-widget_type=\"image.default\">\n\t\t\t\t<div class=\"elementor-widget-container\">\n\t\t\t\t\t\t\t\t\t\t\t\t\t\t\t<img loading=\"lazy\" decoding=\"async\" width=\"258\" height=\"300\" src=\"https:\/\/capercaillie.eu\/wp-content\/uploads\/2023\/01\/tetrijeb-donacije.jpg\" class=\"attachment-medium size-medium wp-image-5250\" alt=\"\" \/>\t\t\t\t\t\t\t\t\t\t\t\t\t\t\t<\/div>\n\t\t\t\t<\/div>\n\t\t\t\t\t<\/div>\n\t\t<\/div>\n\t\t\t\t\t<\/div>\n\t\t<\/section>\n\t\t\t\t<\/div>\n\t\t","protected":false},"excerpt":{"rendered":"<p>Die Arbeit derVerein &#8222;Auerhuhn&#8220;. wird durch folgende Sponsoren erm\u00f6glicht: SPENDEN Gespanschaft Primorsko-goranska (PG\u017d) dem Gr\u00fcnder Dr. Ivica Kri\u017e Die Auerhuhn Tierschutzverband befasst sich haupts\u00e4chlich mit der Revitalisierung [&hellip;]<\/p>\n","protected":false},"author":2,"featured_media":5309,"parent":0,"menu_order":0,"comment_status":"closed","ping_status":"closed","template":"","meta":{"footnotes":""},"yst_prominent_words":[],"class_list":["post-6190","page","type-page","status-publish","has-post-thumbnail","hentry"],"_links":{"self":[{"href":"https:\/\/capercaillie.eu\/de\/wp-json\/wp\/v2\/pages\/6190","targetHints":{"allow":["GET"]}}],"collection":[{"href":"https:\/\/capercaillie.eu\/de\/wp-json\/wp\/v2\/pages"}],"about":[{"href":"https:\/\/capercaillie.eu\/de\/wp-json\/wp\/v2\/types\/page"}],"author":[{"embeddable":true,"href":"https:\/\/capercaillie.eu\/de\/wp-json\/wp\/v2\/users\/2"}],"replies":[{"embeddable":true,"href":"https:\/\/capercaillie.eu\/de\/wp-json\/wp\/v2\/comments?post=6190"}],"version-history":[{"count":25,"href":"https:\/\/capercaillie.eu\/de\/wp-json\/wp\/v2\/pages\/6190\/revisions"}],"predecessor-version":[{"id":7580,"href":"https:\/\/capercaillie.eu\/de\/wp-json\/wp\/v2\/pages\/6190\/revisions\/7580"}],"wp:featuredmedia":[{"embeddable":true,"href":"https:\/\/capercaillie.eu\/de\/wp-json\/wp\/v2\/media\/5309"}],"wp:attachment":[{"href":"https:\/\/capercaillie.eu\/de\/wp-json\/wp\/v2\/media?parent=6190"}],"wp:term":[{"taxonomy":"yst_prominent_words","embeddable":true,"href":"https:\/\/capercaillie.eu\/de\/wp-json\/wp\/v2\/yst_prominent_words?post=6190"}],"curies":[{"name":"wp","href":"https:\/\/api.w.org\/{rel}","templated":true}]}}